{"id":37,"date":"2025-02-07T01:55:43","date_gmt":"2025-02-07T01:55:43","guid":{"rendered":""},"modified":"2025-12-31T07:32:51","modified_gmt":"2025-12-31T07:32:51","slug":"contact-us","status":"publish","type":"page","link":"https:\/\/www.richallmed.com\/pl\/contact-us\/","title":{"rendered":"Kontakt"},"content":{"rendered":"<figure class=\"wp-block-image size-large fimg\"><img loading=\"lazy\" decoding=\"async\" width=\"1024\" height=\"213\" src=\"httpss:\/\/www.richallmed.com\/wp-content\/uploads\/2025\/06\/bianzu-7beifen-1-1024x213.webp\" alt=\"kontakt RICHALL\" class=\"wp-image-3463\" srcset=\"https:\/\/www.richallmed.com\/wp-content\/uploads\/2025\/06\/bianzu-7beifen-1-1024x213.webp 1024w, https:\/\/www.richallmed.com\/wp-content\/uploads\/2025\/06\/bianzu-7beifen-1-300x63.webp 300w, https:\/\/www.richallmed.com\/wp-content\/uploads\/2025\/06\/bianzu-7beifen-1-768x160.webp 768w, https:\/\/www.richallmed.com\/wp-content\/uploads\/2025\/06\/bianzu-7beifen-1-1536x320.webp 1536w, https:\/\/www.richallmed.com\/wp-content\/uploads\/2025\/06\/bianzu-7beifen-1-18x4.webp 18w, https:\/\/www.richallmed.com\/wp-content\/uploads\/2025\/06\/bianzu-7beifen-1.webp 1920w\" sizes=\"auto, (max-width: 1024px) 100vw, 1024px\" \/><\/figure>\n\n\n\n<div class=\"path_bar\">\n        <div class=\"layout\">\n            <ul>\n                <li><a href=\"\/\">Strona g\u0142\u00f3wna<\/a><\/li>\n                <!--\u9762\u5305\u5c51-->\n               <li><a href=\"\">Kontakt<\/a><\/li>\n            <\/ul>\n        <\/div>\n    <\/div>\n\n\n\n<h1 class=\"wp-block-heading has-text-align-center layout sh\" style=\"font-size:30px\">KONTAKT<\/h1>\n\n\n\n<div id=\"icon-contact\" style=\"margin-top:35px\">\n        <div class=\"layout\">\n            <ul class=\"ic-list\">\n                \n                  \n              <li style=\"text-align:center;\">\n              <img decoding=\"async\" src=\"\/wp-content\/uploads\/2025\/02\/email-fill-2.png\" class=\"social-icon\">\n             <h2>E-mail<\/h2>\n <a href=\"mailto:angela@richallmed.com\"><p>angela@richallmed.com<\/p><\/a>\n<a href=\"mailto:Info@richallmed.com\"><p>Info@richallmed.com<\/p><\/a>             \n<a href=\"mailto:ceo@richallmed.com\"><p>ceo@richallmed.com<\/p><\/a>\n\n\n\n\n\n               <\/li>\n <li style=\"text-align:center;\">\n            <img decoding=\"async\" src=\"\/wp-content\/uploads\/2025\/02\/whatsapp-7.png\" class=\"social-icon\">\n              <h2>WhatsApp<\/h2>\n<a href=\"httpss:\/\/wa.me\/8615988507734\" target=\"_blank\" rel=\"noopener\"><p>+86 15988507734<\/p><a>\n<a href=\"httpss:\/\/wa.me\/8618785825888\" target=\"_blank\" rel=\"noopener\"><p>+86 18785825888<\/p><a>\n<a href=\"httpss:\/\/wa.me\/8613706796423\" target=\"_blank\" rel=\"noopener\"><p>+86 13706796423<\/p><a>\n\n\n\n\n\n\n               <\/li>\n <li style=\"text-align:center;\">\n           <img decoding=\"async\" src=\"\/wp-content\/uploads\/2025\/02\/phone-fill.png\" class=\"social-icon\">\n              <h2>Telefon<\/h2>\n               <a href=\"tel:8615988507734\" target=\"_blank\" rel=\"noopener\"><p>+86 15988507734<\/p><\/a>\n <a href=\"tel:8618785825888\" target=\"_blank\" rel=\"noopener\"><p>+86 18785825888<\/p><\/a>\n <a href=\"tel:8613706796423\" target=\"_blank\" rel=\"noopener\"><p>+86 13706796423<\/p><\/a>\n           \n               <\/li>\n <li style=\"text-align:center;\">\n          <img decoding=\"async\" src=\"\/wp-content\/uploads\/2025\/02\/address-b.png\" class=\"social-icon\">\n              <h2>Adres<\/h2>\n              <p>Nr 353 Baozhang Road, Pujiang County, Jinhua City, prowincja Zhejiang, Chiny<\/p>\n               <\/li>\n\n            <\/ul>\n        <\/div>\n    <\/div>\n\n<style>\n\n.social-icon{\n\nwidth:60px;\nmargin-bottom: 15px;\n\n\n}\n@media screen and (min-width:981px){\n#icon-contact .ic-list{\ndisplay:flex;\njustify-content:space-between;\nlist-style:none!important;\nmargin-bottom:30px\n}\n#icon-contact .ic-list li{\n\nwidth:25%;\nmargin-bottom:20px\n}\n\n}\n#icon-contact .ic-list li{\n\nmargin-bottom:20px\n}\n#icon-contact .ic-list li span{\nmargin-bottom: 20px;\nfont-size:55px;\nwidth:auto!important;\nheight:auto!important\n}\n#icon-contact .ic-list{\nlist-style:none!important\n}\n<\/style>\n\n\n\n<div class=\"wp-block-columns layout bt is-layout-flex wp-container-core-columns-is-layout-1 wp-block-columns-is-layout-flex\">\n<div class=\"wp-block-column is-layout-flow wp-block-column-is-layout-flow\">\n<iframe loading=\"lazy\" width=\"100%\" height=\"554px\" src=\"https:\/\/www.google.com\/maps\/embed?pb=!1m16!1m12!1m3!1d13895.755135664502!2d119.90329157091182!3d29.45979783686974!2m3!1f0!2f0!3f0!3m2!1i1024!2i768!4f13.1!2m1!1z5rWZ5rGf55yB6YeR5Y2O5biC5rWm5rGf5Y6_5LuZ5Y2O6KGX6YGT5a6d5o6M5aSn6YGTMzUz5Y-3!5e0!3m2!1sen!2sus!4v1703186088986!5m2!1sen!2sus\"><\/iframe>\n<\/div>\n\n\n\n<div class=\"wp-block-column is-layout-flow wp-block-column-is-layout-flow\">\n    <div class=\"header_inquiry\"\n         style=\"display: flex; align-items: center; justify-content: center; height: 64vh; background-color: #f1f4f6; width: 100%;\">\n        <div id=\"header_inquiry-form\"\n             style=\"border:1px solid #bfbfbf; padding: 2em; padding-top:2.625em;width: 84%; background-color: #fff;\">\n            <div style=\"background-color: #013e5a; color: #fff; padding: 1em; border-radius: 5px; margin-bottom: 2em; text-align: center;\">\n                <h2 style=\"margin: 0; color: #fff;\">Zostaw wiadomo\u015b\u0107<\/h2>\n            <\/div>\n            <form id=\"header_inquiry-form-content\" action=\"#\" method=\"post\" style=\"color: #666;\" data-trp-original-action=\"#\">\n                <input type=\"text\" name=\"title\" id=\"name\" placeholder=\"*Name...\" required\n style=\"width: 100%; padding: 1em; margin-bottom: 1em; box-sizing: border-box;\">\n                <input type=\"email\" name=\"email\" id=\"email\"\n                       placeholder=\"*Email (odpowiemy w ci\u0105gu 24 godzin)\" required\n style=\"width: 100%; padding: 1em; margin-bottom: 1em; box-sizing: border-box;\">\n                <input type=\"text\" name=\"telephone\" id=\"phone\" placeholder=\"*Telefon\/WhatsApp\/WeChat (bardzo wa\u017cne)\"\n                       required style=\"width: 100%; padding: 1em; margin-bottom: 1em; box-sizing: border-box;\">\n                <textarea name=\"message\" id=\"details\" rows=\"4\"\n                          placeholder=\"Wprowad\u017a szczeg\u00f3\u0142y nag\u0142\u00f3wka, takie jak rozmiar, kolor, materia\u0142y itp. oraz inne specyficzne wymagania, aby otrzyma\u0107 dok\u0142adn\u0105 wycen\u0119.\"\n                          style=\"width: 100%; padding: 1em; margin-bottom: 1em; box-sizing: border-box;\"><\/textarea>\n                <button id=\"send_form\" type=\"submit\"\n                        style=\"background-color: #f28808; color: #fff; padding: 1em 1.5em; border: none; border-radius: 3px; cursor: pointer; width: 100%;\">\n                    Wy\u015blij\n                <\/button>\n            <input type=\"hidden\" name=\"trp-form-language\" value=\"pl\"\/><\/form>\n        <\/div>\n    <\/div>\n    \n<\/div>\n<\/div>\n\n\n\n<style>\n.sh{\nmargin-top:30px\n\n}\n.bt{\npadding-bottom:50px\n\n}\n.fimg img{\n   width:100%\n}\n<\/style>\n\n\n\n<style>\n@media screen and (max-width:981px){\n#icon-contact .ic-list li {\n   \n    width: 50%;\n    float: left;\n}\n\n\n\n}\n<\/style>","protected":false},"excerpt":{"rendered":"<p>Home Contact Us CONTACT US Email angela@richallmed.com Info@richallmed.com ceo@richallmed.com WhatsApp +86 15988507734 +86 18785825888 +86 13706796423 Phone +86 15988507734 +86 18785825888 +86 13706796423 Address No. 353 Baozhang Road, Pujiang County, Jinhua City, Zhejiang Province, China<\/p>","protected":false},"author":1,"featured_media":0,"parent":0,"menu_order":0,"comment_status":"closed","ping_status":"closed","template":"","meta":{"footnotes":""},"class_list":["post-37","page","type-page","status-publish","hentry"],"yoast_head":"<!-- This site is optimized with the Yoast SEO plugin v24.4 - https:\/\/yoast.com\/wordpress\/plugins\/seo\/ -->\n<title>Best Electric Wheelchairs Products | Foldable &amp; Power Wheelchair Supplier<\/title>\n<meta name=\"description\" content=\"Explore high-quality wheelchair products including the best electric wheelchair, lightweight foldable models, and rollator drive walkers. Competitive electric wheelchair prices and reliable direct supply. Contact us for the latest electric wheel chair for sale!\" \/>\n<meta name=\"robots\" content=\"index, follow, max-snippet:-1, max-image-preview:large, max-video-preview:-1\" \/>\n<link rel=\"canonical\" href=\"https:\/\/www.richallmed.com\/pl\/contact-us\/\" \/>\n<meta property=\"og:locale\" content=\"pl_PL\" \/>\n<meta property=\"og:type\" content=\"article\" \/>\n<meta property=\"og:title\" content=\"Best Electric Wheelchairs Products | Foldable &amp; Power Wheelchair Supplier\" \/>\n<meta property=\"og:description\" content=\"Explore high-quality wheelchair products including the best electric wheelchair, lightweight foldable models, and rollator drive walkers. Competitive electric wheelchair prices and reliable direct supply. Contact us for the latest electric wheel chair for sale!\" \/>\n<meta property=\"og:url\" content=\"https:\/\/www.richallmed.com\/pl\/contact-us\/\" \/>\n<meta property=\"og:site_name\" content=\"Carbon Fiber Electric Wheelchair\" \/>\n<meta property=\"article:modified_time\" content=\"2025-12-31T07:32:51+00:00\" \/>\n<meta property=\"og:image\" content=\"https:\/\/www.richallmed.com\/wp-content\/uploads\/2025\/06\/bianzu-7beifen-1.webp\" \/>\n\t<meta property=\"og:image:width\" content=\"1920\" \/>\n\t<meta property=\"og:image:height\" content=\"400\" \/>\n\t<meta property=\"og:image:type\" content=\"image\/webp\" \/>\n<meta name=\"twitter:card\" content=\"summary_large_image\" \/>\n<meta name=\"twitter:label1\" content=\"Est. reading time\" \/>\n\t<meta name=\"twitter:data1\" content=\"2 minuty\" \/>\n<script type=\"application\/ld+json\" class=\"yoast-schema-graph\">{\"@context\":\"https:\/\/schema.org\",\"@graph\":[{\"@type\":\"WebPage\",\"@id\":\"https:\/\/www.richallmed.com\/contact-us\/\",\"url\":\"https:\/\/www.richallmed.com\/contact-us\/\",\"name\":\"Best Electric Wheelchairs Products | Foldable & Power Wheelchair Supplier\",\"isPartOf\":{\"@id\":\"https:\/\/www.richallmed.com\/#website\"},\"primaryImageOfPage\":{\"@id\":\"https:\/\/www.richallmed.com\/contact-us\/#primaryimage\"},\"image\":{\"@id\":\"https:\/\/www.richallmed.com\/contact-us\/#primaryimage\"},\"thumbnailUrl\":\"httpss:\/\/www.richallmed.com\/wp-content\/uploads\/2025\/06\/bianzu-7beifen-1-1024x213.webp\",\"datePublished\":\"2025-02-07T01:55:43+00:00\",\"dateModified\":\"2025-12-31T07:32:51+00:00\",\"description\":\"Explore high-quality wheelchair products including the best electric wheelchair, lightweight foldable models, and rollator drive walkers. Competitive electric wheelchair prices and reliable direct supply. Contact us for the latest electric wheel chair for sale!\",\"breadcrumb\":{\"@id\":\"https:\/\/www.richallmed.com\/contact-us\/#breadcrumb\"},\"inLanguage\":\"pl-PL\",\"potentialAction\":[{\"@type\":\"ReadAction\",\"target\":[\"https:\/\/www.richallmed.com\/contact-us\/\"]}]},{\"@type\":\"ImageObject\",\"inLanguage\":\"pl-PL\",\"@id\":\"https:\/\/www.richallmed.com\/contact-us\/#primaryimage\",\"url\":\"httpss:\/\/www.richallmed.com\/wp-content\/uploads\/2025\/06\/bianzu-7beifen-1-1024x213.webp\",\"contentUrl\":\"httpss:\/\/www.richallmed.com\/wp-content\/uploads\/2025\/06\/bianzu-7beifen-1-1024x213.webp\"},{\"@type\":\"BreadcrumbList\",\"@id\":\"https:\/\/www.richallmed.com\/contact-us\/#breadcrumb\",\"itemListElement\":[{\"@type\":\"ListItem\",\"position\":1,\"name\":\"Home\",\"item\":\"https:\/\/www.richallmed.com\/\"},{\"@type\":\"ListItem\",\"position\":2,\"name\":\"Contact Us\"}]},{\"@type\":\"WebSite\",\"@id\":\"https:\/\/www.richallmed.com\/#website\",\"url\":\"https:\/\/www.richallmed.com\/\",\"name\":\"Carbon Fiber Electric Wheelchair\",\"description\":\"Carbon Fiber Electric Wheelchair\",\"publisher\":{\"@id\":\"https:\/\/www.richallmed.com\/#organization\"},\"potentialAction\":[{\"@type\":\"SearchAction\",\"target\":{\"@type\":\"EntryPoint\",\"urlTemplate\":\"https:\/\/www.richallmed.com\/?s={search_term_string}\"},\"query-input\":{\"@type\":\"PropertyValueSpecification\",\"valueRequired\":true,\"valueName\":\"search_term_string\"}}],\"inLanguage\":\"pl-PL\"},{\"@type\":\"Organization\",\"@id\":\"https:\/\/www.richallmed.com\/#organization\",\"name\":\"Carbon Fiber Electric Wheelchair\",\"url\":\"https:\/\/www.richallmed.com\/\",\"logo\":{\"@type\":\"ImageObject\",\"inLanguage\":\"pl-PL\",\"@id\":\"https:\/\/www.richallmed.com\/#\/schema\/logo\/image\/\",\"url\":\"https:\/\/www.richallmed.com\/wp-content\/uploads\/2025\/06\/cropped-logo.webp\",\"contentUrl\":\"https:\/\/www.richallmed.com\/wp-content\/uploads\/2025\/06\/cropped-logo.webp\",\"width\":535,\"height\":74,\"caption\":\"Carbon Fiber Electric Wheelchair\"},\"image\":{\"@id\":\"https:\/\/www.richallmed.com\/#\/schema\/logo\/image\/\"}}]}<\/script>\n<!-- \/ Yoast SEO plugin. -->","yoast_head_json":{"title":"Best Electric Wheelchairs Products | Foldable & Power Wheelchair Supplier","description":"Explore high-quality wheelchair products including the best electric wheelchair, lightweight foldable models, and rollator drive walkers. Competitive electric wheelchair prices and reliable direct supply. Contact us for the latest electric wheel chair for sale!","robots":{"index":"index","follow":"follow","max-snippet":"max-snippet:-1","max-image-preview":"max-image-preview:large","max-video-preview":"max-video-preview:-1"},"canonical":"https:\/\/www.richallmed.com\/pl\/contact-us\/","og_locale":"pl_PL","og_type":"article","og_title":"Best Electric Wheelchairs Products | Foldable & Power Wheelchair Supplier","og_description":"Explore high-quality wheelchair products including the best electric wheelchair, lightweight foldable models, and rollator drive walkers. Competitive electric wheelchair prices and reliable direct supply. Contact us for the latest electric wheel chair for sale!","og_url":"https:\/\/www.richallmed.com\/pl\/contact-us\/","og_site_name":"Carbon Fiber Electric Wheelchair","article_modified_time":"2025-12-31T07:32:51+00:00","og_image":[{"width":1920,"height":400,"url":"https:\/\/www.richallmed.com\/wp-content\/uploads\/2025\/06\/bianzu-7beifen-1.webp","type":"image\/webp"}],"twitter_card":"summary_large_image","twitter_misc":{"Est. reading time":"2 minuty"},"schema":{"@context":"https:\/\/schema.org","@graph":[{"@type":"WebPage","@id":"https:\/\/www.richallmed.com\/contact-us\/","url":"https:\/\/www.richallmed.com\/contact-us\/","name":"Best Electric Wheelchairs Products | Foldable & Power Wheelchair Supplier","isPartOf":{"@id":"https:\/\/www.richallmed.com\/#website"},"primaryImageOfPage":{"@id":"https:\/\/www.richallmed.com\/contact-us\/#primaryimage"},"image":{"@id":"https:\/\/www.richallmed.com\/contact-us\/#primaryimage"},"thumbnailUrl":"httpss:\/\/www.richallmed.com\/wp-content\/uploads\/2025\/06\/bianzu-7beifen-1-1024x213.webp","datePublished":"2025-02-07T01:55:43+00:00","dateModified":"2025-12-31T07:32:51+00:00","description":"Explore high-quality wheelchair products including the best electric wheelchair, lightweight foldable models, and rollator drive walkers. Competitive electric wheelchair prices and reliable direct supply. Contact us for the latest electric wheel chair for sale!","breadcrumb":{"@id":"https:\/\/www.richallmed.com\/contact-us\/#breadcrumb"},"inLanguage":"pl-PL","potentialAction":[{"@type":"ReadAction","target":["https:\/\/www.richallmed.com\/contact-us\/"]}]},{"@type":"ImageObject","inLanguage":"pl-PL","@id":"https:\/\/www.richallmed.com\/contact-us\/#primaryimage","url":"httpss:\/\/www.richallmed.com\/wp-content\/uploads\/2025\/06\/bianzu-7beifen-1-1024x213.webp","contentUrl":"httpss:\/\/www.richallmed.com\/wp-content\/uploads\/2025\/06\/bianzu-7beifen-1-1024x213.webp"},{"@type":"BreadcrumbList","@id":"https:\/\/www.richallmed.com\/contact-us\/#breadcrumb","itemListElement":[{"@type":"ListItem","position":1,"name":"Home","item":"https:\/\/www.richallmed.com\/"},{"@type":"ListItem","position":2,"name":"Contact Us"}]},{"@type":"WebSite","@id":"https:\/\/www.richallmed.com\/#website","url":"https:\/\/www.richallmed.com\/","name":"Carbon Fiber Electric Wheelchair","description":"Carbon Fiber Electric Wheelchair","publisher":{"@id":"https:\/\/www.richallmed.com\/#organization"},"potentialAction":[{"@type":"SearchAction","target":{"@type":"EntryPoint","urlTemplate":"https:\/\/www.richallmed.com\/?s={search_term_string}"},"query-input":{"@type":"PropertyValueSpecification","valueRequired":true,"valueName":"search_term_string"}}],"inLanguage":"pl-PL"},{"@type":"Organization","@id":"https:\/\/www.richallmed.com\/#organization","name":"Carbon Fiber Electric Wheelchair","url":"https:\/\/www.richallmed.com\/","logo":{"@type":"ImageObject","inLanguage":"pl-PL","@id":"https:\/\/www.richallmed.com\/#\/schema\/logo\/image\/","url":"https:\/\/www.richallmed.com\/wp-content\/uploads\/2025\/06\/cropped-logo.webp","contentUrl":"https:\/\/www.richallmed.com\/wp-content\/uploads\/2025\/06\/cropped-logo.webp","width":535,"height":74,"caption":"Carbon Fiber Electric Wheelchair"},"image":{"@id":"https:\/\/www.richallmed.com\/#\/schema\/logo\/image\/"}}]}},"_links":{"self":[{"href":"https:\/\/www.richallmed.com\/pl\/wp-json\/wp\/v2\/pages\/37","targetHints":{"allow":["GET"]}}],"collection":[{"href":"https:\/\/www.richallmed.com\/pl\/wp-json\/wp\/v2\/pages"}],"about":[{"href":"https:\/\/www.richallmed.com\/pl\/wp-json\/wp\/v2\/types\/page"}],"author":[{"embeddable":true,"href":"https:\/\/www.richallmed.com\/pl\/wp-json\/wp\/v2\/users\/1"}],"replies":[{"embeddable":true,"href":"https:\/\/www.richallmed.com\/pl\/wp-json\/wp\/v2\/comments?post=37"}],"version-history":[{"count":66,"href":"https:\/\/www.richallmed.com\/pl\/wp-json\/wp\/v2\/pages\/37\/revisions"}],"predecessor-version":[{"id":4373,"href":"https:\/\/www.richallmed.com\/pl\/wp-json\/wp\/v2\/pages\/37\/revisions\/4373"}],"wp:attachment":[{"href":"https:\/\/www.richallmed.com\/pl\/wp-json\/wp\/v2\/media?parent=37"}],"curies":[{"name":"wp","href":"https:\/\/api.w.org\/{rel}","templated":true}]}}