{"id":3762,"date":"2025-06-18T09:38:12","date_gmt":"2025-06-18T09:38:12","guid":{"rendered":"httpss:\/\/www.richallmed.com\/?page_id=3762"},"modified":"2025-06-18T09:49:49","modified_gmt":"2025-06-18T09:49:49","slug":"privacy-policy","status":"publish","type":"page","link":"https:\/\/www.richallmed.com\/nb\/privacy-policy\/","title":{"rendered":"Retningslinjer for personvern"},"content":{"rendered":"<div class=\"path_bar\" id=\"profile\">\n        <div class=\"layout\" style=\"margin:0 auto\">\n            <ul>\n                <li><a href=\"\/\">Hjem<\/a><\/li>\n                <!--\u9762\u5305\u5c51-->\n               <li><a href=\"\">Retningslinjer for personvern<\/a><\/li>\n            <\/ul>\n        <\/div>\n    <\/div>\n\n\n\n<h1 class=\"wp-block-heading has-text-align-center sh\" style=\"font-size:30px\">Retningslinjer for personvern<\/h1>\n\n\n\n<p class=\"layout\">Denne personvernerkl\u00e6ringen forklarer hvordan \"vi\" samler inn, bruker, deler og behandler informasjonen din, samt hvilke rettigheter og valg du har i forbindelse med denne informasjonen. Denne personvernerkl\u00e6ringen gjelder for all personlig informasjon som samles inn under skriftlig, elektronisk og muntlig kommunikasjon, eller personlig informasjon som samles inn online eller offline, inkludert: nettstedet v\u00e5rt og all annen e-post.<\/p>\n\n\n\n<p class=\"layout\">Vennligst les v\u00e5re vilk\u00e5r og betingelser og disse retningslinjene f\u00f8r du f\u00e5r tilgang til eller bruker tjenestene v\u00e5re. Hvis du ikke kan godta disse retningslinjene eller vilk\u00e5rene og betingelsene, m\u00e5 du ikke f\u00e5 tilgang til eller bruke tjenestene v\u00e5re. Hvis du befinner deg i en jurisdiksjon utenfor Det europeiske \u00f8konomiske samarbeidsomr\u00e5det, godtar du vilk\u00e5rene og betingelsene og v\u00e5r personvernpraksis som beskrevet i disse retningslinjene ved \u00e5 kj\u00f8pe v\u00e5re produkter eller bruke v\u00e5re tjenester.<\/p>\n\n\n\n<p class=\"layout\">Vi kan endre disse retningslinjene n\u00e5r som helst, uten forvarsel, og endringene kan gjelde alle personopplysninger vi allerede har om deg, samt alle nye personopplysninger som samles inn etter at retningslinjene er endret. Hvis vi gj\u00f8r endringer, vil vi varsle deg ved \u00e5 endre datoen \u00f8verst i disse retningslinjene. Vi vil gi deg forh\u00e5ndsvarsel hvis vi gj\u00f8r vesentlige endringer i hvordan vi samler inn, bruker eller utleverer personopplysningene dine som p\u00e5virker dine rettigheter i henhold til disse retningslinjene. Hvis du befinner deg i en annen jurisdiksjon enn Det europeiske \u00f8konomiske samarbeidsomr\u00e5det, Storbritannia eller Sveits (samlet kalt \"europeiske land\"), vil din fortsatte tilgang til eller bruk av v\u00e5re tjenester etter at du har mottatt varselet om endringer, utgj\u00f8re din bekreftelse p\u00e5 at du godtar de oppdaterte retningslinjene.<\/p>\n\n\n\n<p class=\"layout\">I tillegg kan vi gi deg informasjon i sanntid eller tilleggsinformasjon om praksis for h\u00e5ndtering av personopplysninger i bestemte deler av tjenestene v\u00e5re. Slike merknader kan supplere disse retningslinjene eller gi deg flere valgmuligheter om hvordan vi behandler personopplysningene dine.<\/p>\n\n\n\n<p class=\"layout\"><strong>Personopplysninger vi samler inn<\/strong><\/p>\n\n\n\n<p class=\"layout lt\">Vi samler inn personopplysninger n\u00e5r du bruker tjenestene v\u00e5re og sender inn personopplysninger n\u00e5r du blir bedt om det via nettstedet. Personopplysninger er generelt all informasjon som er relatert til deg, som identifiserer deg personlig eller som kan brukes til \u00e5 identifisere deg, for eksempel navn, e-postadresse, telefonnummer og adresse. Definisjonen av personopplysninger varierer etter jurisdiksjon. Bare den definisjonen som gjelder for deg basert p\u00e5 hvor du befinner deg, gjelder for deg i henhold til denne personvernerkl\u00e6ringen. Personopplysninger omfatter ikke data som er irreversibelt anonymisert eller aggregert slik at de ikke lenger gj\u00f8r det mulig for oss \u00e5 identifisere deg, enten i kombinasjon med annen informasjon eller p\u00e5 annen m\u00e5te.<\/p>\n\n\n\n<p class=\"layout\"><strong>De typene personopplysninger som vi kan samle inn om deg, omfatter<\/strong><\/p>\n\n\n\n<p class=\"layout lt\">Informasjon du gir oss direkte og frivillig for \u00e5 gjennomf\u00f8re kj\u00f8ps- eller tjenestekontrakten. Vi samler inn personopplysningene du gir oss n\u00e5r du bruker tjenestene v\u00e5re. Hvis du for eksempel bes\u00f8ker nettstedet v\u00e5rt og legger inn en bestilling, samler vi inn informasjon som du gir oss under bestillingsprosessen. Denne informasjonen vil omfatte etternavn, postadresse, e-postadresse, telefonnummer, produkter du er interessert i, Whatsapp, selskap, land. Vi kan ogs\u00e5 samle inn personopplysninger n\u00e5r du kommuniserer med noen av v\u00e5re avdelinger, for eksempel kundeservice, eller n\u00e5r du fyller ut nettskjemaer eller sp\u00f8rreunders\u00f8kelser p\u00e5 nettstedet. Du kan ogs\u00e5 velge \u00e5 oppgi e-postadressen din til oss hvis du \u00f8nsker \u00e5 motta informasjon om produkter og tjenester som vi tilbyr.<\/p>\n\n\n\n<p class=\"layout\"><strong>Hvordan f\u00e5r du mitt samtykke?<\/strong><\/p>\n\n\n\n<p class=\"layout\">N\u00e5r du gir oss personopplysningene dine for \u00e5 fullf\u00f8re en transaksjon, bekrefte kredittkortet ditt, legge inn en bestilling, planlegge en levering eller returnere et kj\u00f8p, antar vi at du samtykker til at vi samler inn opplysningene dine og bruker dem kun til dette form\u00e5let.<\/p>\n\n\n\n<p class=\"layout lt\">Hvis vi ber deg om \u00e5 gi oss personopplysningene dine av en annen grunn, for eksempel til markedsf\u00f8ringsform\u00e5l, vil vi be deg direkte om ditt uttrykkelige samtykke, eller vi vil gi deg muligheten til \u00e5 nekte.<\/p>\n\n\n\n<p class=\"layout\"><strong>Hvordan kan jeg trekke tilbake samtykket mitt?<\/strong><\/p>\n\n\n\n<p class=\"layout lt\">Hvis du ombestemmer deg etter at du har gitt oss ditt samtykke, og ikke lenger samtykker til at vi kontakter deg, samler inn opplysningene dine eller utleverer dem, kan du varsle oss ved \u00e5 kontakte oss.<\/p>\n\n\n\n<p class=\"layout\"><strong>Tjenester levert av tredjeparter<\/strong><\/p>\n\n\n\n<p class=\"layout\">Generelt vil tredjepartsleverand\u00f8rene vi bruker, bare samle inn, bruke og utlevere opplysningene dine i den grad det er n\u00f8dvendig for \u00e5 utf\u00f8re tjenestene de leverer til oss.<\/p>\n\n\n\n<p class=\"layout\">Visse tredjeparts tjenesteleverand\u00f8rer, for eksempel betalingsportaler og andre behandlere av betalingstransaksjoner, har imidlertid sine egne retningslinjer for personvern n\u00e5r det gjelder informasjonen vi er p\u00e5lagt \u00e5 gi dem i forbindelse med kj\u00f8pstransaksjonene dine.<\/p>\n\n\n\n<p class=\"layout lt\">N\u00e5r det gjelder disse leverand\u00f8rene, anbefaler vi at du leser personvernerkl\u00e6ringene deres n\u00f8ye, slik at du kan forst\u00e5 hvordan de behandler personopplysningene dine.<br>Det er viktig \u00e5 huske p\u00e5 at enkelte leverand\u00f8rer kan v\u00e6re lokalisert eller ha fasiliteter i en annen jurisdiksjon enn din eller v\u00e5r. S\u00e5 hvis du bestemmer deg for \u00e5 gjennomf\u00f8re en transaksjon som krever tjenester fra en tredjepartsleverand\u00f8r, kan informasjonen din v\u00e6re underlagt lovene i jurisdiksjonen der leverand\u00f8ren er lokalisert, eller i jurisdiksjonen der leverand\u00f8rens anlegg er lokalisert.<\/p>\n\n\n\n<p class=\"layout\"><strong>Sikkerhet<\/strong><\/p>\n\n\n\n<p class=\"layout lt\">For \u00e5 beskytte personopplysningene dine tar vi rimelige forholdsregler og f\u00f8lger beste praksis i bransjen for \u00e5 sikre at de ikke g\u00e5r tapt, misbrukes, \u00e5pnes, avsl\u00f8res, endres eller tilintetgj\u00f8res p\u00e5 feilaktig m\u00e5te.<\/p>\n\n\n\n<p class=\"layout\"><strong>Alder for samtykke<\/strong><\/p>\n\n\n\n<p class=\"layout lt\">Ved \u00e5 bruke dette nettstedet bekrefter du at du er myndig i den staten eller provinsen der du bor, og at du har gitt oss ditt samtykke til \u00e5 la mindre\u00e5rige som du har ansvaret for, bruke dette nettstedet.<\/p>\n\n\n\n<p class=\"layout\"><strong>Endringer i denne personvernerkl\u00e6ringen<\/strong><\/p>\n\n\n\n<p class=\"layout\">Vi forbeholder oss retten til \u00e5 endre denne personvernerkl\u00e6ringen n\u00e5r som helst, s\u00e5 vennligst les den ofte. Endringer og presiseringer vil tre i kraft umiddelbart etter at de er lagt ut p\u00e5 nettstedet. Hvis vi gj\u00f8r endringer i innholdet i disse retningslinjene, vil vi varsle deg her om at de er oppdatert, slik at du er klar over hvilken informasjon vi samler inn, hvordan vi bruker den og under hvilke omstendigheter vi utleverer den. Vi vil gi deg beskjed om at vi har en grunn til \u00e5 gj\u00f8re det.<\/p>\n\n\n\n<p class=\"layout lt\">Hvis butikken v\u00e5r blir kj\u00f8pt opp av eller fusjonert med et annet selskap, kan opplysningene dine bli overf\u00f8rt til de nye eierne slik at vi kan fortsette \u00e5 selge produkter til deg.<\/p>\n\n\n\n<p class=\"layout\"><strong>Sp\u00f8rsm\u00e5l og kontaktinformasjon<\/strong><\/p>\n\n\n\n<p style=\"padding-bottom:50px\" class=\"layout\">Hvis du \u00f8nsker \u00e5: f\u00e5 tilgang til, korrigere, endre eller slette personopplysninger vi har om deg, sende inn en klage eller bare \u00f8nsker mer informasjon, kan du kontakte oss via e-post nederst p\u00e5 siden.<\/p>\n\n\n\n<style>\np{\npadding-bottom:30px;\n\n}\n.lt{\nborder-bottom:1px solid #cbcbcb;\n    margin-bottom: 30px;\n}\n#outerContainer_1703183975021 {\n    background: url(\/wp-content\/uploads\/2025\/06\/bianzu-7beifen-5.webp) no-repeat scroll center center;\n    background-size: cover;\n    height:12vw;\n    border-left: 0 solid #000;\n    border-right: 0 solid #000;\n    border-top: 0 solid #000;\n    border-bottom: 0 solid #000;\n    border-top-right-radius: 0;\n    border-top-left-radius: 0;\n    border-bottom-right-radius: 0;\n    border-bottom-left-radius: 0;\n    margin-top: 0;\n    margin-bottom: 0;\n    padding-top: 0;\n    padding-bottom: 0;\n    box-shadow: 0;\n}\n.mg{\npadding:30px 0\n}\n\nli{\nline-height:1.8em\n}\n.sh{\nmargin:30px auto 40px;\n}\n.th{\nmargin:40px 0 35px;\nfont-size: 30px;\n\n}\n.bt{\nmargin-bottom:30px\n}\n.border-img img{\nborder-radius:20px\n\n}\n\n.ab-img{\n background-image: linear-gradient(180deg,rgba(0,0,0,0.7) 0%,rgba(0,0,0,0.7) 100%),url(\/wp-content\/uploads\/2025\/06\/Taile-Heat-Press-Machine-Factory.webp);\n    padding: 7%;\n    background-position: center;\nbackground-size:cover;\n    text-align: center;\n}\n.ab-des p{\nfont-size:20px\n}\n.icon-body ul li img{\n\nwidth:90px!important\n\n}\n.ab-body3{\n background-image: linear-gradient(180deg,rgba(0,0,0,0.75) 0%,rgba(0,0,0,0.75) 100%),url(\/wp-content\/uploads\/2025\/06\/Taile-Heat-Press-Machine-Factory-2.webp)!important;\n    padding: 5% 0%;\n    background-position: center;\nbackground-size:cover;\n    text-align: center;\nmargin:55px 0\n}\nh3{\ncolor:#000;\nfont-size:24px;\nmargin:30px auto 20px\n}\n.ab-body5{\n background-image: linear-gradient(180deg,rgba(0,0,0,0.7) 0%,rgba(0,0,0,0.7) 100%),url(\/wp-content\/uploads\/2025\/03\/hygts.webp)!important;\n    padding: 5% 0%;\n    background-position: center;\nbackground-size:cover;\n    text-align: center;\n}\n.ab-body{\npadding:35px 0 0;\nmargin:0 0 50px 0\n}\n.ab-des h2{\ntext-align:center;\ncolor:#fff;\nfont-size:32px;\n    margin-bottom: 30px;\n\n}\n.ab-des p{\ntext-align:center;\ncolor:#fff;\nline-height:1.8em\n}\n\n.ab-btn{\n    font-size: 16px;\n    line-height: 18px;\n    padding: 14px 28px;\n    border-radius: 0px;\n    -moz-border-radius: 0px;\n    -webkit-border-radius: 0px;\n    background: #76cccc;\n    border: 1px solid #76cccc;\n    color:#fff;\n    margin-top: 30px;\n      text-transform: uppercase;\nborder-radius:5px\n\n}\n.ab-btn:hover{\ncolor:#76cccc;\nbackground:#fff;\ncursor:pointer\n\n\n}\n\n\n.ab-body2{\n   \n\n}\n.icon-body ul{\ndisplay:flex;\njustify-content:space-between;\n    flex-flow: row wrap;\n}\n.icon-body ul li{\ntext-align:center;\nbackground:#fff;\npadding: 20px;\nwidth:24.5%;\n   \n\n}\n\n\n.companyImg li{\n\npadding:0!important\n\n}\n.companyImg li img{\nwidth:100%!important\n\n\n}\n.icon-body{\n background-color: rgba(0,0,0, 0.05);\n    padding: 50px 30px 30px;\n}\n\n\n.tt-list{\ndisplay:flex;\nalign-items:center;\nmargin-bottom:20px\n\n\n}\n.ab-body3 ul li{\nmargin-bottom:25px\n\n}\n.tt-list img{\nmargin-right:10px\n}\n\n..ab-img{\n background-image: linear-gradient(180deg,rgba(0,0,0,0.5) 0%,rgba(0,0,0,0.5) 100%),url(\/wp-content\/uploads\/2025\/02\/factory-3.webp)!important;\n    padding: 20% 10%;\n    background-position: center;\nbackground-size:cover;\n    text-align: center;\n}\n.ab-body{\npadding:35px 0 0\n}\n.ab-des h2{\ntext-align:center;\ncolor:#fff;\nfont-size:32px;\n    margin-bottom: 30px;\n\n}\n\n\n\n\n.ab-body2{\n   \n\n}\n.icon-body ul{\ndisplay:flex;\njustify-content:space-between\n}\n.icon-body ul li{\ntext-align:center;\nbackground:#fff;\npadding: 20px;\nwidth:49%;\n margin-bottom: 2%;\n\n}\n\n.icon-body{\n background-color: rgba(0,0,0, 0.05);\n    padding: 50px 30px 30px;\n}\n\n\n.tt-list{\ndisplay:flex;\nalign-items:center;\nmargin-bottom:20px\n\n}\n.ab-body3 ul li{\nmargin-bottom:25px\n\n}\n.tt-list img{\nmargin-right:10px\n}\n..ab-img{\n background-image: linear-gradient(180deg,rgba(0,0,0,0.5) 0%,rgba(0,0,0,0.5) 100%),url(\/wp-content\/uploads\/2025\/02\/factory-3.webp)!important;\n    padding: 20% 10%;\n    background-position: center;\nbackground-size:cover;\n    text-align: center;\n}\n.ab-body{\npadding:35px 0 0\n}\n.ab-des h2{\ntext-align:center;\ncolor:#fff;\nfont-size:32px;\n    margin-bottom: 30px;\n\n}\n\n\n.ab-body2{\n   \n\n}\n.icon-body ul{\ndisplay:flex;\njustify-content:space-between\n}\n\n\n.icon-body{\n background-color: rgba(0,0,0, 0.05);\n    padding: 50px 30px 30px;\n}\n.icon-body li p span{\n\nfont-size:15px!important\n}\n.icon-body li p {\ntext-align:left;\n\n}\n\n.tt-list{\ndisplay:flex;\nalign-items:center;\nmargin-bottom:20px\n\n}\n.ab-body3 ul li{\nmargin-bottom:25px\n\n}\n.tt-list img{\nmargin-right:10px\n}\n\n.ab-body4{\npadding-bottom:45px\n}\n@media screen and (max-width:981px){\n\n.icon-body ul{\nflex-flow:row wrap\n}\n.icon-body ul li{\nwidth:100%}\n\n}\n\n.companyImg{\ndisplay:inherit!important\n}\n.ab-body2 .companyImg li img{\nwidth:100%!important;\n}\n.ab-body2 .companyImg li{\nwidth:100%!important;\npadding:0!important;\nmargin-bottom:20px\n\n}\n\n.countryList li{\nline-height:2em\n\n}\n\n\n<\/style>\n\n\n\n<style>\n@media screen and (max-width:781px){\n body article .af .wp-block-column{\nflex-basis:45%!important;\nwidth:45%!important\n\n}\n#outerContainer_1703183975021{\nheight:20vw!important\n}\n}\n\n<\/style>","protected":false},"excerpt":{"rendered":"<p>Home Privacy Policy Privacy Policy This Privacy Policy explains how &#8220;we&#8221; collect, use, share and process your information as well as the rights and choices you have associated with that information. This privacy policy applies to all personal information collected during any written, electronic and oral communication, or personal information collected online or offline, including: [&hellip;]<\/p>","protected":false},"author":1,"featured_media":0,"parent":0,"menu_order":0,"comment_status":"closed","ping_status":"closed","template":"","meta":{"footnotes":""},"class_list":["post-3762","page","type-page","status-publish","hentry"],"yoast_head":"<!-- This site is optimized with the Yoast SEO plugin v24.4 - https:\/\/yoast.com\/wordpress\/plugins\/seo\/ -->\n<title>Best Electric Wheelchairs Products | Foldable &amp; Power Wheelchair Supplier<\/title>\n<meta name=\"description\" content=\"Explore high-quality wheelchair products including the best electric wheelchair, lightweight foldable models, and rollator drive walkers. Competitive electric wheelchair prices and reliable direct supply. Contact us for the latest electric wheel chair for sale!\" \/>\n<meta name=\"robots\" content=\"index, follow, max-snippet:-1, max-image-preview:large, max-video-preview:-1\" \/>\n<link rel=\"canonical\" href=\"\" \/>\n<meta property=\"og:locale\" content=\"nb_NO\" \/>\n<meta property=\"og:type\" content=\"article\" \/>\n<meta property=\"og:title\" content=\"Best Electric Wheelchairs Products | Foldable &amp; Power Wheelchair Supplier\" \/>\n<meta property=\"og:description\" content=\"Explore high-quality wheelchair products including the best electric wheelchair, lightweight foldable models, and rollator drive walkers. Competitive electric wheelchair prices and reliable direct supply. Contact us for the latest electric wheel chair for sale!\" \/>\n<meta property=\"og:url\" content=\"httpss:\/\/www.richallmed.com\/privacy-policy\/\" \/>\n<meta property=\"og:site_name\" content=\"Carbon Fiber Electric Wheelchair\" \/>\n<meta property=\"article:modified_time\" content=\"2025-06-18T09:49:49+00:00\" \/>\n<meta name=\"twitter:card\" content=\"summary_large_image\" \/>\n<meta name=\"twitter:label1\" content=\"Est. reading time\" \/>\n\t<meta name=\"twitter:data1\" content=\"5 minutter\" \/>\n<script type=\"application\/ld+json\" class=\"yoast-schema-graph\">{\"@context\":\"https:\/\/schema.org\",\"@graph\":[{\"@type\":\"WebPage\",\"@id\":\"httpss:\/\/www.richallmed.com\/privacy-policy\/\",\"url\":\"httpss:\/\/www.richallmed.com\/privacy-policy\/\",\"name\":\"Best Electric Wheelchairs Products | Foldable & Power Wheelchair Supplier\",\"isPartOf\":{\"@id\":\"https:\/\/www.richallmed.com\/#website\"},\"datePublished\":\"2025-06-18T09:38:12+00:00\",\"dateModified\":\"2025-06-18T09:49:49+00:00\",\"description\":\"Explore high-quality wheelchair products including the best electric wheelchair, lightweight foldable models, and rollator drive walkers. Competitive electric wheelchair prices and reliable direct supply. Contact us for the latest electric wheel chair for sale!\",\"breadcrumb\":{\"@id\":\"httpss:\/\/www.richallmed.com\/privacy-policy\/#breadcrumb\"},\"inLanguage\":\"nb-NO\",\"potentialAction\":[{\"@type\":\"ReadAction\",\"target\":[\"httpss:\/\/www.richallmed.com\/privacy-policy\/\"]}]},{\"@type\":\"BreadcrumbList\",\"@id\":\"httpss:\/\/www.richallmed.com\/privacy-policy\/#breadcrumb\",\"itemListElement\":[{\"@type\":\"ListItem\",\"position\":1,\"name\":\"Home\",\"item\":\"https:\/\/www.richallmed.com\/\"},{\"@type\":\"ListItem\",\"position\":2,\"name\":\"Privacy Policy\"}]},{\"@type\":\"WebSite\",\"@id\":\"https:\/\/www.richallmed.com\/#website\",\"url\":\"https:\/\/www.richallmed.com\/\",\"name\":\"Carbon Fiber Electric Wheelchair\",\"description\":\"Carbon Fiber Electric Wheelchair\",\"publisher\":{\"@id\":\"https:\/\/www.richallmed.com\/#organization\"},\"potentialAction\":[{\"@type\":\"SearchAction\",\"target\":{\"@type\":\"EntryPoint\",\"urlTemplate\":\"https:\/\/www.richallmed.com\/?s={search_term_string}\"},\"query-input\":{\"@type\":\"PropertyValueSpecification\",\"valueRequired\":true,\"valueName\":\"search_term_string\"}}],\"inLanguage\":\"nb-NO\"},{\"@type\":\"Organization\",\"@id\":\"https:\/\/www.richallmed.com\/#organization\",\"name\":\"Carbon Fiber Electric Wheelchair\",\"url\":\"https:\/\/www.richallmed.com\/\",\"logo\":{\"@type\":\"ImageObject\",\"inLanguage\":\"nb-NO\",\"@id\":\"https:\/\/www.richallmed.com\/#\/schema\/logo\/image\/\",\"url\":\"https:\/\/www.richallmed.com\/wp-content\/uploads\/2025\/06\/cropped-logo.webp\",\"contentUrl\":\"https:\/\/www.richallmed.com\/wp-content\/uploads\/2025\/06\/cropped-logo.webp\",\"width\":535,\"height\":74,\"caption\":\"Carbon Fiber Electric Wheelchair\"},\"image\":{\"@id\":\"https:\/\/www.richallmed.com\/#\/schema\/logo\/image\/\"}}]}<\/script>\n<!-- \/ Yoast SEO plugin. -->","yoast_head_json":{"title":"Best Electric Wheelchairs Products | Foldable & Power Wheelchair Supplier","description":"Explore high-quality wheelchair products including the best electric wheelchair, lightweight foldable models, and rollator drive walkers. Competitive electric wheelchair prices and reliable direct supply. Contact us for the latest electric wheel chair for sale!","robots":{"index":"index","follow":"follow","max-snippet":"max-snippet:-1","max-image-preview":"max-image-preview:large","max-video-preview":"max-video-preview:-1"},"canonical":"httpss:\/\/www.richallmed.com\/privacy-policy\/","og_locale":"nb_NO","og_type":"article","og_title":"Best Electric Wheelchairs Products | Foldable & Power Wheelchair Supplier","og_description":"Explore high-quality wheelchair products including the best electric wheelchair, lightweight foldable models, and rollator drive walkers. Competitive electric wheelchair prices and reliable direct supply. Contact us for the latest electric wheel chair for sale!","og_url":"httpss:\/\/www.richallmed.com\/privacy-policy\/","og_site_name":"Carbon Fiber Electric Wheelchair","article_modified_time":"2025-06-18T09:49:49+00:00","twitter_card":"summary_large_image","twitter_misc":{"Est. reading time":"5 minutter"},"schema":{"@context":"https:\/\/schema.org","@graph":[{"@type":"WebPage","@id":"httpss:\/\/www.richallmed.com\/privacy-policy\/","url":"httpss:\/\/www.richallmed.com\/privacy-policy\/","name":"Best Electric Wheelchairs Products | Foldable & Power Wheelchair Supplier","isPartOf":{"@id":"https:\/\/www.richallmed.com\/#website"},"datePublished":"2025-06-18T09:38:12+00:00","dateModified":"2025-06-18T09:49:49+00:00","description":"Explore high-quality wheelchair products including the best electric wheelchair, lightweight foldable models, and rollator drive walkers. Competitive electric wheelchair prices and reliable direct supply. Contact us for the latest electric wheel chair for sale!","breadcrumb":{"@id":"httpss:\/\/www.richallmed.com\/privacy-policy\/#breadcrumb"},"inLanguage":"nb-NO","potentialAction":[{"@type":"ReadAction","target":["httpss:\/\/www.richallmed.com\/privacy-policy\/"]}]},{"@type":"BreadcrumbList","@id":"httpss:\/\/www.richallmed.com\/privacy-policy\/#breadcrumb","itemListElement":[{"@type":"ListItem","position":1,"name":"Home","item":"https:\/\/www.richallmed.com\/"},{"@type":"ListItem","position":2,"name":"Privacy Policy"}]},{"@type":"WebSite","@id":"https:\/\/www.richallmed.com\/#website","url":"https:\/\/www.richallmed.com\/","name":"Carbon Fiber Electric Wheelchair","description":"Carbon Fiber Electric Wheelchair","publisher":{"@id":"https:\/\/www.richallmed.com\/#organization"},"potentialAction":[{"@type":"SearchAction","target":{"@type":"EntryPoint","urlTemplate":"https:\/\/www.richallmed.com\/?s={search_term_string}"},"query-input":{"@type":"PropertyValueSpecification","valueRequired":true,"valueName":"search_term_string"}}],"inLanguage":"nb-NO"},{"@type":"Organization","@id":"https:\/\/www.richallmed.com\/#organization","name":"Carbon Fiber Electric Wheelchair","url":"https:\/\/www.richallmed.com\/","logo":{"@type":"ImageObject","inLanguage":"nb-NO","@id":"https:\/\/www.richallmed.com\/#\/schema\/logo\/image\/","url":"https:\/\/www.richallmed.com\/wp-content\/uploads\/2025\/06\/cropped-logo.webp","contentUrl":"https:\/\/www.richallmed.com\/wp-content\/uploads\/2025\/06\/cropped-logo.webp","width":535,"height":74,"caption":"Carbon Fiber Electric Wheelchair"},"image":{"@id":"https:\/\/www.richallmed.com\/#\/schema\/logo\/image\/"}}]}},"_links":{"self":[{"href":"https:\/\/www.richallmed.com\/nb\/wp-json\/wp\/v2\/pages\/3762","targetHints":{"allow":["GET"]}}],"collection":[{"href":"https:\/\/www.richallmed.com\/nb\/wp-json\/wp\/v2\/pages"}],"about":[{"href":"https:\/\/www.richallmed.com\/nb\/wp-json\/wp\/v2\/types\/page"}],"author":[{"embeddable":true,"href":"https:\/\/www.richallmed.com\/nb\/wp-json\/wp\/v2\/users\/1"}],"replies":[{"embeddable":true,"href":"https:\/\/www.richallmed.com\/nb\/wp-json\/wp\/v2\/comments?post=3762"}],"version-history":[{"count":19,"href":"https:\/\/www.richallmed.com\/nb\/wp-json\/wp\/v2\/pages\/3762\/revisions"}],"predecessor-version":[{"id":3788,"href":"https:\/\/www.richallmed.com\/nb\/wp-json\/wp\/v2\/pages\/3762\/revisions\/3788"}],"wp:attachment":[{"href":"https:\/\/www.richallmed.com\/nb\/wp-json\/wp\/v2\/media?parent=3762"}],"curies":[{"name":"wp","href":"https:\/\/api.w.org\/{rel}","templated":true}]}}