{"id":3762,"date":"2025-06-18T09:38:12","date_gmt":"2025-06-18T09:38:12","guid":{"rendered":"httpss:\/\/www.richallmed.com\/?page_id=3762"},"modified":"2025-06-18T09:49:49","modified_gmt":"2025-06-18T09:49:49","slug":"privacy-policy","status":"publish","type":"page","link":"https:\/\/www.richallmed.com\/da\/privacy-policy\/","title":{"rendered":"Politik for beskyttelse af personlige oplysninger"},"content":{"rendered":"<div class=\"path_bar\" id=\"profile\">\n        <div class=\"layout\" style=\"margin:0 auto\">\n            <ul>\n                <li><a href=\"\/\">Hjem<\/a><\/li>\n                <!--\u9762\u5305\u5c51-->\n               <li><a href=\"\">Politik for beskyttelse af personlige oplysninger<\/a><\/li>\n            <\/ul>\n        <\/div>\n    <\/div>\n\n\n\n<h1 class=\"wp-block-heading has-text-align-center sh\" style=\"font-size:30px\">Politik for beskyttelse af personlige oplysninger<\/h1>\n\n\n\n<p class=\"layout\">Denne privatlivspolitik forklarer, hvordan \"vi\" indsamler, bruger, deler og behandler dine oplysninger samt de rettigheder og valg, du har i forbindelse med disse oplysninger. Denne privatlivspolitik g\u00e6lder for alle personlige oplysninger, der indsamles under enhver skriftlig, elektronisk og mundtlig kommunikation, eller personlige oplysninger, der indsamles online eller offline, herunder: vores hjemmeside og enhver anden e-mail.<\/p>\n\n\n\n<p class=\"layout\">L\u00e6s venligst vores vilk\u00e5r og betingelser og denne politik, f\u00f8r du f\u00e5r adgang til eller bruger vores tjenester. Hvis du ikke kan acceptere denne politik eller vilk\u00e5rene og betingelserne, skal du ikke f\u00e5 adgang til eller bruge vores tjenester. Hvis du befinder dig i en jurisdiktion uden for Det Europ\u00e6iske \u00d8konomiske Samarbejdsomr\u00e5de, accepterer du ved at k\u00f8be vores produkter eller bruge vores tjenester de vilk\u00e5r og betingelser og vores privatlivspraksis, der er beskrevet i denne politik.<\/p>\n\n\n\n<p class=\"layout\">Vi kan til enhver tid \u00e6ndre denne politik uden forudg\u00e5ende varsel, og \u00e6ndringer kan g\u00e6lde for alle personlige oplysninger, vi allerede har om dig, samt alle nye personlige oplysninger, der er indsamlet, efter at politikken er \u00e6ndret. Hvis vi foretager \u00e6ndringer, vil vi underrette dig ved at revidere datoen \u00f8verst i denne politik. Vi vil give dig besked p\u00e5 forh\u00e5nd, hvis vi foretager v\u00e6sentlige \u00e6ndringer i, hvordan vi indsamler, bruger eller videregiver dine personlige oplysninger, der p\u00e5virker dine rettigheder i henhold til denne politik. Hvis du befinder dig i en anden jurisdiktion end Det Europ\u00e6iske \u00d8konomiske Samarbejdsomr\u00e5de, Storbritannien eller Schweiz (samlet \"europ\u00e6iske lande\"), udg\u00f8r din fortsatte adgang til eller brug af vores tjenester efter modtagelse af meddelelsen om \u00e6ndringer din anerkendelse af, at du accepterer den opdaterede politik.<\/p>\n\n\n\n<p class=\"layout\">Derudover kan vi give dig oplysninger i realtid eller yderligere oplysninger om praksis for h\u00e5ndtering af personlige oplysninger i specifikke dele af vores tjenester. S\u00e5danne meddelelser kan supplere denne politik eller give dig yderligere valgmuligheder om, hvordan vi behandler dine personlige oplysninger.<\/p>\n\n\n\n<p class=\"layout\"><strong>Personlige oplysninger, vi indsamler<\/strong><\/p>\n\n\n\n<p class=\"layout lt\">Vi indsamler personlige oplysninger, n\u00e5r du bruger vores tjenester og indsender personlige oplysninger, n\u00e5r du bliver bedt om det p\u00e5 webstedet. Personlige oplysninger er generelt alle oplysninger, der vedr\u00f8rer dig, identificerer dig personligt eller kan bruges til at identificere dig, f.eks. dit navn, din e-mailadresse, dit telefonnummer og din adresse. Definitionen af personlige oplysninger varierer efter jurisdiktion. Kun den definition, der g\u00e6lder for dig baseret p\u00e5 din placering, g\u00e6lder for dig i henhold til denne privatlivspolitik. Personlige oplysninger omfatter ikke data, der er blevet irreversibelt anonymiseret eller aggregeret, s\u00e5 de ikke l\u00e6ngere kan g\u00f8re det muligt for os at identificere dig, hverken i kombination med andre oplysninger eller p\u00e5 anden m\u00e5de.<\/p>\n\n\n\n<p class=\"layout\"><strong>De typer af personlige oplysninger, som vi kan indsamle om dig, omfatter:<\/strong><\/p>\n\n\n\n<p class=\"layout lt\">Oplysninger, som du direkte og frivilligt giver os for at gennemf\u00f8re k\u00f8bs- eller servicekontrakten. Vi indsamler dine personlige oplysninger, som du giver os, n\u00e5r du bruger vores tjenester. Hvis du f.eks. bes\u00f8ger vores websted og afgiver en ordre, indsamler vi oplysninger, som du giver os under bestillingsprocessen. Disse oplysninger vil omfatte dit efternavn, postadresse, e-mailadresse, telefonnummer, interesserede produkter, Whatsapp, firma, land. Vi kan ogs\u00e5 indsamle personlige oplysninger, n\u00e5r du kommunikerer med en af vores afdelinger, f.eks. kundeservice, eller n\u00e5r du udfylder onlineformularer eller unders\u00f8gelser p\u00e5 webstedet. Du kan ogs\u00e5 v\u00e6lge at give os din e-mailadresse, hvis du gerne vil modtage oplysninger om de produkter og tjenester, vi tilbyder.<\/p>\n\n\n\n<p class=\"layout\"><strong>Hvordan f\u00e5r du mit samtykke?<\/strong><\/p>\n\n\n\n<p class=\"layout\">N\u00e5r du giver os dine personlige oplysninger for at gennemf\u00f8re en transaktion, bekr\u00e6fte dit kreditkort, afgive en ordre, planl\u00e6gge en levering eller returnere et k\u00f8b, antager vi, at du giver dit samtykke til, at vi indsamler dine oplysninger og kun bruger dem til dette form\u00e5l.<\/p>\n\n\n\n<p class=\"layout lt\">Hvis vi beder dig om at give os dine personlige oplysninger af en anden grund, f.eks. til markedsf\u00f8ringsform\u00e5l, vil vi bede dig direkte om dit udtrykkelige samtykke, eller vi vil give dig mulighed for at afvise det.<\/p>\n\n\n\n<p class=\"layout\"><strong>Hvordan kan jeg tr\u00e6kke mit samtykke tilbage?<\/strong><\/p>\n\n\n\n<p class=\"layout lt\">Hvis du, efter at du har givet os dit samtykke, skifter mening og ikke l\u00e6ngere giver samtykke til, at vi kontakter dig, indsamler dine oplysninger eller videregiver dem, kan du give os besked ved at kontakte os.<\/p>\n\n\n\n<p class=\"layout\"><strong>Tjenester leveret af tredjeparter<\/strong><\/p>\n\n\n\n<p class=\"layout\">Generelt vil de tredjepartsleverand\u00f8rer, vi bruger, kun indsamle, bruge og videregive dine oplysninger i det omfang, det er n\u00f8dvendigt for at udf\u00f8re de tjenester, de leverer til os.<\/p>\n\n\n\n<p class=\"layout\">Visse tredjepartstjenesteudbydere, s\u00e5som betalingsgateways og andre betalingstransaktionsprocessorer, har dog deres egne privatlivspolitikker vedr\u00f8rende de oplysninger, vi er forpligtet til at give dem i forbindelse med dine k\u00f8bstransaktioner.<\/p>\n\n\n\n<p class=\"layout lt\">Med hensyn til disse udbydere anbefaler vi, at du l\u00e6ser deres privatlivspolitikker omhyggeligt, s\u00e5 du kan forst\u00e5, hvordan de vil behandle dine personlige oplysninger.<br>Det skal huskes, at nogle udbydere kan v\u00e6re placeret eller have faciliteter placeret i en anden jurisdiktion end din eller vores. S\u00e5 hvis du beslutter at g\u00e5 videre med en transaktion, der kr\u00e6ver tjenester fra en tredjepartsudbyder, kan dine oplysninger v\u00e6re underlagt lovene i den jurisdiktion, hvor denne udbyder er placeret, eller lovene i den jurisdiktion, hvor dens faciliteter er placeret.<\/p>\n\n\n\n<p class=\"layout\"><strong>Sikkerhed<\/strong><\/p>\n\n\n\n<p class=\"layout lt\">For at beskytte dine persondata tager vi rimelige forholdsregler og f\u00f8lger branchens bedste praksis for at sikre, at de ikke g\u00e5r tabt, misbruges, tilg\u00e5s, videregives, \u00e6ndres eller \u00f8del\u00e6gges p\u00e5 en uhensigtsm\u00e6ssig m\u00e5de.<\/p>\n\n\n\n<p class=\"layout\"><strong>Alder for samtykke<\/strong><\/p>\n\n\n\n<p class=\"layout lt\">Ved at bruge dette websted erkl\u00e6rer du, at du mindst er myndig i den stat eller provins, hvor du bor, og at du har givet os dit samtykke til at lade en mindre\u00e5rig, som du har ansvaret for, bruge dette websted.<\/p>\n\n\n\n<p class=\"layout\"><strong>\u00c6ndringer af denne privatlivspolitik<\/strong><\/p>\n\n\n\n<p class=\"layout\">Vi forbeholder os ret til at \u00e6ndre denne privatlivspolitik til enhver tid, s\u00e5 gennemg\u00e5 den ofte. \u00c6ndringer og pr\u00e6ciseringer tr\u00e6der i kraft umiddelbart efter, at de er lagt ud p\u00e5 hjemmesiden. Hvis vi foretager \u00e6ndringer i indholdet af denne politik, giver vi dig besked her om, at den er blevet opdateret, s\u00e5 du er klar over, hvilke oplysninger vi indsamler, hvordan vi bruger dem, og under hvilke omst\u00e6ndigheder vi videregiver dem. Vi fort\u00e6ller dig, at vi har en grund til at g\u00f8re det.<\/p>\n\n\n\n<p class=\"layout lt\">Hvis vores butik bliver opk\u00f8bt af eller fusioneret med en anden virksomhed, kan dine oplysninger blive overf\u00f8rt til de nye ejere, s\u00e5 vi kan forts\u00e6tte med at s\u00e6lge produkter til dig.<\/p>\n\n\n\n<p class=\"layout\"><strong>Sp\u00f8rgsm\u00e5l og kontaktoplysninger<\/strong><\/p>\n\n\n\n<p style=\"padding-bottom:50px\" class=\"layout\">Hvis du \u00f8nsker at: f\u00e5 adgang til, rette, \u00e6ndre eller slette personlige oplysninger, vi har om dig, indgive en klage eller blot \u00f8nsker flere oplysninger, skal du kontakte os via e-mail nederst p\u00e5 siden.<\/p>\n\n\n\n<style>\np{\npadding-bottom:30px;\n\n}\n.lt{\nborder-bottom:1px solid #cbcbcb;\n    margin-bottom: 30px;\n}\n#outerContainer_1703183975021 {\n    background: url(\/wp-content\/uploads\/2025\/06\/bianzu-7beifen-5.webp) no-repeat scroll center center;\n    background-size: cover;\n    height:12vw;\n    border-left: 0 solid #000;\n    border-right: 0 solid #000;\n    border-top: 0 solid #000;\n    border-bottom: 0 solid #000;\n    border-top-right-radius: 0;\n    border-top-left-radius: 0;\n    border-bottom-right-radius: 0;\n    border-bottom-left-radius: 0;\n    margin-top: 0;\n    margin-bottom: 0;\n    padding-top: 0;\n    padding-bottom: 0;\n    box-shadow: 0;\n}\n.mg{\npadding:30px 0\n}\n\nli{\nline-height:1.8em\n}\n.sh{\nmargin:30px auto 40px;\n}\n.th{\nmargin:40px 0 35px;\nfont-size: 30px;\n\n}\n.bt{\nmargin-bottom:30px\n}\n.border-img img{\nborder-radius:20px\n\n}\n\n.ab-img{\n background-image: linear-gradient(180deg,rgba(0,0,0,0.7) 0%,rgba(0,0,0,0.7) 100%),url(\/wp-content\/uploads\/2025\/06\/Taile-Heat-Press-Machine-Factory.webp);\n    padding: 7%;\n    background-position: center;\nbackground-size:cover;\n    text-align: center;\n}\n.ab-des p{\nfont-size:20px\n}\n.icon-body ul li img{\n\nwidth:90px!important\n\n}\n.ab-body3{\n background-image: linear-gradient(180deg,rgba(0,0,0,0.75) 0%,rgba(0,0,0,0.75) 100%),url(\/wp-content\/uploads\/2025\/06\/Taile-Heat-Press-Machine-Factory-2.webp)!important;\n    padding: 5% 0%;\n    background-position: center;\nbackground-size:cover;\n    text-align: center;\nmargin:55px 0\n}\nh3{\ncolor:#000;\nfont-size:24px;\nmargin:30px auto 20px\n}\n.ab-body5{\n background-image: linear-gradient(180deg,rgba(0,0,0,0.7) 0%,rgba(0,0,0,0.7) 100%),url(\/wp-content\/uploads\/2025\/03\/hygts.webp)!important;\n    padding: 5% 0%;\n    background-position: center;\nbackground-size:cover;\n    text-align: center;\n}\n.ab-body{\npadding:35px 0 0;\nmargin:0 0 50px 0\n}\n.ab-des h2{\ntext-align:center;\ncolor:#fff;\nfont-size:32px;\n    margin-bottom: 30px;\n\n}\n.ab-des p{\ntext-align:center;\ncolor:#fff;\nline-height:1.8em\n}\n\n.ab-btn{\n    font-size: 16px;\n    line-height: 18px;\n    padding: 14px 28px;\n    border-radius: 0px;\n    -moz-border-radius: 0px;\n    -webkit-border-radius: 0px;\n    background: #76cccc;\n    border: 1px solid #76cccc;\n    color:#fff;\n    margin-top: 30px;\n      text-transform: uppercase;\nborder-radius:5px\n\n}\n.ab-btn:hover{\ncolor:#76cccc;\nbackground:#fff;\ncursor:pointer\n\n\n}\n\n\n.ab-body2{\n   \n\n}\n.icon-body ul{\ndisplay:flex;\njustify-content:space-between;\n    flex-flow: row wrap;\n}\n.icon-body ul li{\ntext-align:center;\nbackground:#fff;\npadding: 20px;\nwidth:24.5%;\n   \n\n}\n\n\n.companyImg li{\n\npadding:0!important\n\n}\n.companyImg li img{\nwidth:100%!important\n\n\n}\n.icon-body{\n background-color: rgba(0,0,0, 0.05);\n    padding: 50px 30px 30px;\n}\n\n\n.tt-list{\ndisplay:flex;\nalign-items:center;\nmargin-bottom:20px\n\n\n}\n.ab-body3 ul li{\nmargin-bottom:25px\n\n}\n.tt-list img{\nmargin-right:10px\n}\n\n..ab-img{\n background-image: linear-gradient(180deg,rgba(0,0,0,0.5) 0%,rgba(0,0,0,0.5) 100%),url(\/wp-content\/uploads\/2025\/02\/factory-3.webp)!important;\n    padding: 20% 10%;\n    background-position: center;\nbackground-size:cover;\n    text-align: center;\n}\n.ab-body{\npadding:35px 0 0\n}\n.ab-des h2{\ntext-align:center;\ncolor:#fff;\nfont-size:32px;\n    margin-bottom: 30px;\n\n}\n\n\n\n\n.ab-body2{\n   \n\n}\n.icon-body ul{\ndisplay:flex;\njustify-content:space-between\n}\n.icon-body ul li{\ntext-align:center;\nbackground:#fff;\npadding: 20px;\nwidth:49%;\n margin-bottom: 2%;\n\n}\n\n.icon-body{\n background-color: rgba(0,0,0, 0.05);\n    padding: 50px 30px 30px;\n}\n\n\n.tt-list{\ndisplay:flex;\nalign-items:center;\nmargin-bottom:20px\n\n}\n.ab-body3 ul li{\nmargin-bottom:25px\n\n}\n.tt-list img{\nmargin-right:10px\n}\n..ab-img{\n background-image: linear-gradient(180deg,rgba(0,0,0,0.5) 0%,rgba(0,0,0,0.5) 100%),url(\/wp-content\/uploads\/2025\/02\/factory-3.webp)!important;\n    padding: 20% 10%;\n    background-position: center;\nbackground-size:cover;\n    text-align: center;\n}\n.ab-body{\npadding:35px 0 0\n}\n.ab-des h2{\ntext-align:center;\ncolor:#fff;\nfont-size:32px;\n    margin-bottom: 30px;\n\n}\n\n\n.ab-body2{\n   \n\n}\n.icon-body ul{\ndisplay:flex;\njustify-content:space-between\n}\n\n\n.icon-body{\n background-color: rgba(0,0,0, 0.05);\n    padding: 50px 30px 30px;\n}\n.icon-body li p span{\n\nfont-size:15px!important\n}\n.icon-body li p {\ntext-align:left;\n\n}\n\n.tt-list{\ndisplay:flex;\nalign-items:center;\nmargin-bottom:20px\n\n}\n.ab-body3 ul li{\nmargin-bottom:25px\n\n}\n.tt-list img{\nmargin-right:10px\n}\n\n.ab-body4{\npadding-bottom:45px\n}\n@media screen and (max-width:981px){\n\n.icon-body ul{\nflex-flow:row wrap\n}\n.icon-body ul li{\nwidth:100%}\n\n}\n\n.companyImg{\ndisplay:inherit!important\n}\n.ab-body2 .companyImg li img{\nwidth:100%!important;\n}\n.ab-body2 .companyImg li{\nwidth:100%!important;\npadding:0!important;\nmargin-bottom:20px\n\n}\n\n.countryList li{\nline-height:2em\n\n}\n\n\n<\/style>\n\n\n\n<style>\n@media screen and (max-width:781px){\n body article .af .wp-block-column{\nflex-basis:45%!important;\nwidth:45%!important\n\n}\n#outerContainer_1703183975021{\nheight:20vw!important\n}\n}\n\n<\/style>","protected":false},"excerpt":{"rendered":"<p>Home Privacy Policy Privacy Policy This Privacy Policy explains how &#8220;we&#8221; collect, use, share and process your information as well as the rights and choices you have associated with that information. This privacy policy applies to all personal information collected during any written, electronic and oral communication, or personal information collected online or offline, including: [&hellip;]<\/p>","protected":false},"author":1,"featured_media":0,"parent":0,"menu_order":0,"comment_status":"closed","ping_status":"closed","template":"","meta":{"footnotes":""},"class_list":["post-3762","page","type-page","status-publish","hentry"],"yoast_head":"<!-- This site is optimized with the Yoast SEO plugin v24.4 - https:\/\/yoast.com\/wordpress\/plugins\/seo\/ -->\n<title>Best Electric Wheelchairs Products | Foldable &amp; Power Wheelchair Supplier<\/title>\n<meta name=\"description\" content=\"Explore high-quality wheelchair products including the best electric wheelchair, lightweight foldable models, and rollator drive walkers. Competitive electric wheelchair prices and reliable direct supply. Contact us for the latest electric wheel chair for sale!\" \/>\n<meta name=\"robots\" content=\"index, follow, max-snippet:-1, max-image-preview:large, max-video-preview:-1\" \/>\n<link rel=\"canonical\" href=\"\" \/>\n<meta property=\"og:locale\" content=\"da_DK\" \/>\n<meta property=\"og:type\" content=\"article\" \/>\n<meta property=\"og:title\" content=\"Best Electric Wheelchairs Products | Foldable &amp; Power Wheelchair Supplier\" \/>\n<meta property=\"og:description\" content=\"Explore high-quality wheelchair products including the best electric wheelchair, lightweight foldable models, and rollator drive walkers. Competitive electric wheelchair prices and reliable direct supply. Contact us for the latest electric wheel chair for sale!\" \/>\n<meta property=\"og:url\" content=\"httpss:\/\/www.richallmed.com\/privacy-policy\/\" \/>\n<meta property=\"og:site_name\" content=\"Carbon Fiber Electric Wheelchair\" \/>\n<meta property=\"article:modified_time\" content=\"2025-06-18T09:49:49+00:00\" \/>\n<meta name=\"twitter:card\" content=\"summary_large_image\" \/>\n<meta name=\"twitter:label1\" content=\"Est. reading time\" \/>\n\t<meta name=\"twitter:data1\" content=\"5 minutter\" \/>\n<script type=\"application\/ld+json\" class=\"yoast-schema-graph\">{\"@context\":\"https:\/\/schema.org\",\"@graph\":[{\"@type\":\"WebPage\",\"@id\":\"httpss:\/\/www.richallmed.com\/privacy-policy\/\",\"url\":\"httpss:\/\/www.richallmed.com\/privacy-policy\/\",\"name\":\"Best Electric Wheelchairs Products | Foldable & Power Wheelchair Supplier\",\"isPartOf\":{\"@id\":\"https:\/\/www.richallmed.com\/#website\"},\"datePublished\":\"2025-06-18T09:38:12+00:00\",\"dateModified\":\"2025-06-18T09:49:49+00:00\",\"description\":\"Explore high-quality wheelchair products including the best electric wheelchair, lightweight foldable models, and rollator drive walkers. Competitive electric wheelchair prices and reliable direct supply. Contact us for the latest electric wheel chair for sale!\",\"breadcrumb\":{\"@id\":\"httpss:\/\/www.richallmed.com\/privacy-policy\/#breadcrumb\"},\"inLanguage\":\"da-DK\",\"potentialAction\":[{\"@type\":\"ReadAction\",\"target\":[\"httpss:\/\/www.richallmed.com\/privacy-policy\/\"]}]},{\"@type\":\"BreadcrumbList\",\"@id\":\"httpss:\/\/www.richallmed.com\/privacy-policy\/#breadcrumb\",\"itemListElement\":[{\"@type\":\"ListItem\",\"position\":1,\"name\":\"Home\",\"item\":\"https:\/\/www.richallmed.com\/\"},{\"@type\":\"ListItem\",\"position\":2,\"name\":\"Privacy Policy\"}]},{\"@type\":\"WebSite\",\"@id\":\"https:\/\/www.richallmed.com\/#website\",\"url\":\"https:\/\/www.richallmed.com\/\",\"name\":\"Carbon Fiber Electric Wheelchair\",\"description\":\"Carbon Fiber Electric Wheelchair\",\"publisher\":{\"@id\":\"https:\/\/www.richallmed.com\/#organization\"},\"potentialAction\":[{\"@type\":\"SearchAction\",\"target\":{\"@type\":\"EntryPoint\",\"urlTemplate\":\"https:\/\/www.richallmed.com\/?s={search_term_string}\"},\"query-input\":{\"@type\":\"PropertyValueSpecification\",\"valueRequired\":true,\"valueName\":\"search_term_string\"}}],\"inLanguage\":\"da-DK\"},{\"@type\":\"Organization\",\"@id\":\"https:\/\/www.richallmed.com\/#organization\",\"name\":\"Carbon Fiber Electric Wheelchair\",\"url\":\"https:\/\/www.richallmed.com\/\",\"logo\":{\"@type\":\"ImageObject\",\"inLanguage\":\"da-DK\",\"@id\":\"https:\/\/www.richallmed.com\/#\/schema\/logo\/image\/\",\"url\":\"https:\/\/www.richallmed.com\/wp-content\/uploads\/2025\/06\/cropped-logo.webp\",\"contentUrl\":\"https:\/\/www.richallmed.com\/wp-content\/uploads\/2025\/06\/cropped-logo.webp\",\"width\":535,\"height\":74,\"caption\":\"Carbon Fiber Electric Wheelchair\"},\"image\":{\"@id\":\"https:\/\/www.richallmed.com\/#\/schema\/logo\/image\/\"}}]}<\/script>\n<!-- \/ Yoast SEO plugin. -->","yoast_head_json":{"title":"Best Electric Wheelchairs Products | Foldable & Power Wheelchair Supplier","description":"Explore high-quality wheelchair products including the best electric wheelchair, lightweight foldable models, and rollator drive walkers. Competitive electric wheelchair prices and reliable direct supply. Contact us for the latest electric wheel chair for sale!","robots":{"index":"index","follow":"follow","max-snippet":"max-snippet:-1","max-image-preview":"max-image-preview:large","max-video-preview":"max-video-preview:-1"},"canonical":"httpss:\/\/www.richallmed.com\/privacy-policy\/","og_locale":"da_DK","og_type":"article","og_title":"Best Electric Wheelchairs Products | Foldable & Power Wheelchair Supplier","og_description":"Explore high-quality wheelchair products including the best electric wheelchair, lightweight foldable models, and rollator drive walkers. Competitive electric wheelchair prices and reliable direct supply. Contact us for the latest electric wheel chair for sale!","og_url":"httpss:\/\/www.richallmed.com\/privacy-policy\/","og_site_name":"Carbon Fiber Electric Wheelchair","article_modified_time":"2025-06-18T09:49:49+00:00","twitter_card":"summary_large_image","twitter_misc":{"Est. reading time":"5 minutter"},"schema":{"@context":"https:\/\/schema.org","@graph":[{"@type":"WebPage","@id":"httpss:\/\/www.richallmed.com\/privacy-policy\/","url":"httpss:\/\/www.richallmed.com\/privacy-policy\/","name":"Best Electric Wheelchairs Products | Foldable & Power Wheelchair Supplier","isPartOf":{"@id":"https:\/\/www.richallmed.com\/#website"},"datePublished":"2025-06-18T09:38:12+00:00","dateModified":"2025-06-18T09:49:49+00:00","description":"Explore high-quality wheelchair products including the best electric wheelchair, lightweight foldable models, and rollator drive walkers. Competitive electric wheelchair prices and reliable direct supply. Contact us for the latest electric wheel chair for sale!","breadcrumb":{"@id":"httpss:\/\/www.richallmed.com\/privacy-policy\/#breadcrumb"},"inLanguage":"da-DK","potentialAction":[{"@type":"ReadAction","target":["httpss:\/\/www.richallmed.com\/privacy-policy\/"]}]},{"@type":"BreadcrumbList","@id":"httpss:\/\/www.richallmed.com\/privacy-policy\/#breadcrumb","itemListElement":[{"@type":"ListItem","position":1,"name":"Home","item":"https:\/\/www.richallmed.com\/"},{"@type":"ListItem","position":2,"name":"Privacy Policy"}]},{"@type":"WebSite","@id":"https:\/\/www.richallmed.com\/#website","url":"https:\/\/www.richallmed.com\/","name":"Carbon Fiber Electric Wheelchair","description":"Carbon Fiber Electric Wheelchair","publisher":{"@id":"https:\/\/www.richallmed.com\/#organization"},"potentialAction":[{"@type":"SearchAction","target":{"@type":"EntryPoint","urlTemplate":"https:\/\/www.richallmed.com\/?s={search_term_string}"},"query-input":{"@type":"PropertyValueSpecification","valueRequired":true,"valueName":"search_term_string"}}],"inLanguage":"da-DK"},{"@type":"Organization","@id":"https:\/\/www.richallmed.com\/#organization","name":"Carbon Fiber Electric Wheelchair","url":"https:\/\/www.richallmed.com\/","logo":{"@type":"ImageObject","inLanguage":"da-DK","@id":"https:\/\/www.richallmed.com\/#\/schema\/logo\/image\/","url":"https:\/\/www.richallmed.com\/wp-content\/uploads\/2025\/06\/cropped-logo.webp","contentUrl":"https:\/\/www.richallmed.com\/wp-content\/uploads\/2025\/06\/cropped-logo.webp","width":535,"height":74,"caption":"Carbon Fiber Electric Wheelchair"},"image":{"@id":"https:\/\/www.richallmed.com\/#\/schema\/logo\/image\/"}}]}},"_links":{"self":[{"href":"https:\/\/www.richallmed.com\/da\/wp-json\/wp\/v2\/pages\/3762","targetHints":{"allow":["GET"]}}],"collection":[{"href":"https:\/\/www.richallmed.com\/da\/wp-json\/wp\/v2\/pages"}],"about":[{"href":"https:\/\/www.richallmed.com\/da\/wp-json\/wp\/v2\/types\/page"}],"author":[{"embeddable":true,"href":"https:\/\/www.richallmed.com\/da\/wp-json\/wp\/v2\/users\/1"}],"replies":[{"embeddable":true,"href":"https:\/\/www.richallmed.com\/da\/wp-json\/wp\/v2\/comments?post=3762"}],"version-history":[{"count":19,"href":"https:\/\/www.richallmed.com\/da\/wp-json\/wp\/v2\/pages\/3762\/revisions"}],"predecessor-version":[{"id":3788,"href":"https:\/\/www.richallmed.com\/da\/wp-json\/wp\/v2\/pages\/3762\/revisions\/3788"}],"wp:attachment":[{"href":"https:\/\/www.richallmed.com\/da\/wp-json\/wp\/v2\/media?parent=3762"}],"curies":[{"name":"wp","href":"https:\/\/api.w.org\/{rel}","templated":true}]}}